{"id":37,"date":"2026-03-12T01:30:03","date_gmt":"2026-03-12T01:30:03","guid":{"rendered":"https:\/\/joelmirmenezes.com.br\/?page_id=37"},"modified":"2026-03-25T01:02:07","modified_gmt":"2026-03-25T01:02:07","slug":"elementor-37","status":"publish","type":"page","link":"https:\/\/joelmirmenezes.com.br\/","title":{"rendered":"Home"},"content":{"rendered":"\t\t<div data-elementor-type=\"wp-page\" data-elementor-id=\"37\" class=\"elementor elementor-37\">\n\t\t\t\t<div class=\"elementor-element elementor-element-7fa5d56 e-flex e-con-boxed e-con e-parent\" data-id=\"7fa5d56\" data-element_type=\"container\" data-e-type=\"container\">\n\t\t\t\t\t<div class=\"e-con-inner\">\n\t\t<div class=\"elementor-element elementor-element-f8dcf19 e-con-full e-flex e-con e-child\" data-id=\"f8dcf19\" data-element_type=\"container\" data-e-type=\"container\">\n\t\t\t\t<div class=\"elementor-element elementor-element-bc24b83 elementor-widget__width-initial elementor-widget elementor-widget-image\" data-id=\"bc24b83\" data-element_type=\"widget\" data-e-type=\"widget\" data-widget_type=\"image.default\">\n\t\t\t\t\t\t\t\t\t\t\t\t\t\t\t<img decoding=\"async\" width=\"473\" height=\"94\" src=\"https:\/\/joelmirmenezes.com.br\/wp-content\/uploads\/2026\/03\/logotipo-horizontal-3.png\" class=\"attachment-full size-full wp-image-113\" alt=\"\" srcset=\"https:\/\/joelmirmenezes.com.br\/wp-content\/uploads\/2026\/03\/logotipo-horizontal-3.png 473w, https:\/\/joelmirmenezes.com.br\/wp-content\/uploads\/2026\/03\/logotipo-horizontal-3-300x60.png 300w\" sizes=\"(max-width: 473px) 100vw, 473px\" \/>\t\t\t\t\t\t\t\t\t\t\t\t\t\t\t<\/div>\n\t\t\t\t<div class=\"elementor-element elementor-element-86e4da9 elementor-widget elementor-widget-heading\" data-id=\"86e4da9\" data-element_type=\"widget\" data-e-type=\"widget\" data-widget_type=\"heading.default\">\n\t\t\t\t\t<h2 class=\"elementor-heading-title elementor-size-default\">Apresenta\u00e7\u00e3o<\/h2>\t\t\t\t<\/div>\n\t\t\t\t<div class=\"elementor-element elementor-element-ca43ab8 elementor-widget__width-initial elementor-widget-mobile__width-initial elementor-widget elementor-widget-heading\" data-id=\"ca43ab8\" data-element_type=\"widget\" data-e-type=\"widget\" data-widget_type=\"heading.default\">\n\t\t\t\t\t<h2 class=\"elementor-heading-title elementor-size-default\">O escrit\u00f3rio JOELMIR MENEZES, atua desde 1995, exclusivamente, a \u00e1rea do direito penal em todos seus seguimentos, entende que a \u00e9tica, a lealdade, o sigilo, a dedica\u00e7\u00e3o s\u00e3o valores inegoci\u00e1veis, desse modo desenvolve defesa \u00fanica e personal\u00edssima, buscando estrat\u00e9gia juridica mais adequada, a fim de obter resultado diferenciado.<\/h2>\t\t\t\t<\/div>\n\t\t\t\t<div class=\"elementor-element elementor-element-4322db6 elementor-widget elementor-widget-button\" data-id=\"4322db6\" data-element_type=\"widget\" data-e-type=\"widget\" data-widget_type=\"button.default\">\n\t\t\t\t\t\t\t\t\t\t<a class=\"elementor-button elementor-button-link elementor-size-sm\" href=\"https:\/\/wa.me\/5511913469009?text=Ol%C3%A1!%20Vim%20do%20site%20e%20gostaria%20de%20falar%20com%20o%20Joelmir.\">\n\t\t\t\t\t\t<span class=\"elementor-button-content-wrapper\">\n\t\t\t\t\t\t\t\t\t<span class=\"elementor-button-text\">Falar com o escrit\u00f3rio<\/span>\n\t\t\t\t\t<\/span>\n\t\t\t\t\t<\/a>\n\t\t\t\t\t\t\t\t<\/div>\n\t\t\t\t<\/div>\n\t\t<div class=\"elementor-element elementor-element-30d134b e-con-full e-flex e-con e-child\" data-id=\"30d134b\" data-element_type=\"container\" data-e-type=\"container\">\n\t\t\t\t<div class=\"elementor-element elementor-element-49f832c elementor-widget elementor-widget-image\" data-id=\"49f832c\" data-element_type=\"widget\" data-e-type=\"widget\" data-widget_type=\"image.default\">\n\t\t\t\t\t\t\t\t\t\t\t\t\t\t\t<img fetchpriority=\"high\" decoding=\"async\" width=\"980\" height=\"880\" src=\"https:\/\/joelmirmenezes.com.br\/wp-content\/uploads\/2026\/03\/img1-1.png\" class=\"attachment-full size-full wp-image-49\" alt=\"\" srcset=\"https:\/\/joelmirmenezes.com.br\/wp-content\/uploads\/2026\/03\/img1-1.png 980w, https:\/\/joelmirmenezes.com.br\/wp-content\/uploads\/2026\/03\/img1-1-300x269.png 300w, https:\/\/joelmirmenezes.com.br\/wp-content\/uploads\/2026\/03\/img1-1-768x690.png 768w\" sizes=\"(max-width: 980px) 100vw, 980px\" \/>\t\t\t\t\t\t\t\t\t\t\t\t\t\t\t<\/div>\n\t\t\t\t<\/div>\n\t\t\t\t\t<\/div>\n\t\t\t\t<\/div>\n\t\t<div class=\"elementor-element elementor-element-3c2e8a9 e-flex e-con-boxed e-con e-parent\" data-id=\"3c2e8a9\" data-element_type=\"container\" data-e-type=\"container\">\n\t\t\t\t\t<div class=\"e-con-inner\">\n\t\t\t\t<div class=\"elementor-element elementor-element-d834c0a elementor-widget elementor-widget-heading\" data-id=\"d834c0a\" data-element_type=\"widget\" data-e-type=\"widget\" data-widget_type=\"heading.default\">\n\t\t\t\t\t<h2 class=\"elementor-heading-title elementor-size-default\">\u00c1reas de atua\u00e7\u00e3o<\/h2>\t\t\t\t<\/div>\n\t\t\t\t\t<\/div>\n\t\t\t\t<\/div>\n\t\t<div class=\"elementor-element elementor-element-40570ed e-flex e-con-boxed e-con e-parent\" data-id=\"40570ed\" data-element_type=\"container\" data-e-type=\"container\">\n\t\t\t\t\t<div class=\"e-con-inner\">\n\t\t<div class=\"elementor-element elementor-element-3e06d07 e-con-full e-flex e-con e-child\" data-id=\"3e06d07\" data-element_type=\"container\" data-e-type=\"container\" data-settings=\"{&quot;background_background&quot;:&quot;classic&quot;}\">\n\t\t\t\t<div class=\"elementor-element elementor-element-01912d4 elementor-widget elementor-widget-text-editor\" data-id=\"01912d4\" data-element_type=\"widget\" data-e-type=\"widget\" data-widget_type=\"text-editor.default\">\n\t\t\t\t\t\t\t\t\t<p><strong>Pessoa jur\u00eddica<\/strong><\/p><ul><li>Crime contra a ordem tribut\u00e1ria;<\/li><li>Crime de apropria\u00e7\u00e3o ind\u00e9bita previdenci\u00e1ria;<\/li><li>Crime de sonega\u00e7\u00e3o previdenci\u00e1ria;<\/li><li>Crime de lavagem de dinheiro;<\/li><li>Crime de evas\u00e3o de divisas;<\/li><li>Crime de descaminho;<\/li><li>Crimes falimentares;<\/li><li>Crimes ambientais,<\/li><li>Dentre outros.<\/li><\/ul>\t\t\t\t\t\t\t\t<\/div>\n\t\t\t\t<\/div>\n\t\t<div class=\"elementor-element elementor-element-9600a3c e-con-full e-flex e-con e-child\" data-id=\"9600a3c\" data-element_type=\"container\" data-e-type=\"container\" data-settings=\"{&quot;background_background&quot;:&quot;classic&quot;}\">\n\t\t\t\t<div class=\"elementor-element elementor-element-c797a6d elementor-widget__width-initial elementor-widget elementor-widget-text-editor\" data-id=\"c797a6d\" data-element_type=\"widget\" data-e-type=\"widget\" data-widget_type=\"text-editor.default\">\n\t\t\t\t\t\t\t\t\t<p><strong>Pessoa f\u00edsica<\/strong><\/p><ul><li>Crime contra vida (J\u00fari);<\/li><li>Crime contra a integridade corporal;<\/li><li>Crime contra o patrim\u00f4nio;<\/li><li>Crime contra a administra\u00e7\u00e3o da justi\u00e7a;<\/li><li>Crime de tr\u00e2nsito;<\/li><li>Crime da lei de drogas;<\/li><li>Dentre outros.<\/li><\/ul>\t\t\t\t\t\t\t\t<\/div>\n\t\t\t\t<\/div>\n\t\t\t\t\t<\/div>\n\t\t\t\t<\/div>\n\t\t<div class=\"elementor-element elementor-element-8833491 e-flex e-con-boxed e-con e-parent\" data-id=\"8833491\" data-element_type=\"container\" data-e-type=\"container\">\n\t\t\t\t\t<div class=\"e-con-inner\">\n\t\t\t\t<div class=\"elementor-element elementor-element-ce2d4d8 elementor-widget elementor-widget-heading\" data-id=\"ce2d4d8\" data-element_type=\"widget\" data-e-type=\"widget\" data-widget_type=\"heading.default\">\n\t\t\t\t\t<h2 class=\"elementor-heading-title elementor-size-default\">Miss\u00e3o<\/h2>\t\t\t\t<\/div>\n\t\t\t\t<div class=\"elementor-element elementor-element-349b0e5 elementor-widget-mobile__width-initial elementor-widget elementor-widget-text-editor\" data-id=\"349b0e5\" data-element_type=\"widget\" data-e-type=\"widget\" data-widget_type=\"text-editor.default\">\n\t\t\t\t\t\t\t\t\t<p>Nesses tempos em que vivemos onde o Estado atua para encarcera\u00e7\u00e3o em massa como solu\u00e7\u00e3o da seguran\u00e7a p\u00fablica, nossa miss\u00e3o \u00e9 <strong>dar esperan\u00e7a aos oprimidos e injusti\u00e7ados<\/strong> &#8211; garantindo, incondicionalmente, os direitos fundamentais do devido processo legal.<\/p>\t\t\t\t\t\t\t\t<\/div>\n\t\t\t\t\t<\/div>\n\t\t\t\t<\/div>\n\t\t<div class=\"elementor-element elementor-element-a53f64d e-flex e-con-boxed e-con e-parent\" data-id=\"a53f64d\" data-element_type=\"container\" data-e-type=\"container\">\n\t\t\t\t\t<div class=\"e-con-inner\">\n\t\t<div class=\"elementor-element elementor-element-7a0765a e-con-full e-flex e-con e-child\" data-id=\"7a0765a\" data-element_type=\"container\" data-e-type=\"container\">\n\t\t\t\t<div class=\"elementor-element elementor-element-1a911b2 elementor-widget elementor-widget-image\" data-id=\"1a911b2\" data-element_type=\"widget\" data-e-type=\"widget\" data-widget_type=\"image.default\">\n\t\t\t\t\t\t\t\t\t\t\t\t\t\t\t<img decoding=\"async\" width=\"2400\" height=\"1591\" src=\"https:\/\/joelmirmenezes.com.br\/wp-content\/uploads\/2026\/03\/15720366655db3603924f9b_1572036665_3x2_rt.jpg\" class=\"attachment-full size-full wp-image-96\" alt=\"\" srcset=\"https:\/\/joelmirmenezes.com.br\/wp-content\/uploads\/2026\/03\/15720366655db3603924f9b_1572036665_3x2_rt.jpg 2400w, https:\/\/joelmirmenezes.com.br\/wp-content\/uploads\/2026\/03\/15720366655db3603924f9b_1572036665_3x2_rt-300x199.jpg 300w, https:\/\/joelmirmenezes.com.br\/wp-content\/uploads\/2026\/03\/15720366655db3603924f9b_1572036665_3x2_rt-1024x679.jpg 1024w, https:\/\/joelmirmenezes.com.br\/wp-content\/uploads\/2026\/03\/15720366655db3603924f9b_1572036665_3x2_rt-768x509.jpg 768w, https:\/\/joelmirmenezes.com.br\/wp-content\/uploads\/2026\/03\/15720366655db3603924f9b_1572036665_3x2_rt-1536x1018.jpg 1536w, https:\/\/joelmirmenezes.com.br\/wp-content\/uploads\/2026\/03\/15720366655db3603924f9b_1572036665_3x2_rt-2048x1358.jpg 2048w\" sizes=\"(max-width: 2400px) 100vw, 2400px\" \/>\t\t\t\t\t\t\t\t\t\t\t\t\t\t\t<\/div>\n\t\t\t\t<\/div>\n\t\t<div class=\"elementor-element elementor-element-6039484 e-con-full e-flex e-con e-child\" data-id=\"6039484\" data-element_type=\"container\" data-e-type=\"container\">\n\t\t\t\t<div class=\"elementor-element elementor-element-365bd8b elementor-widget elementor-widget-heading\" data-id=\"365bd8b\" data-element_type=\"widget\" data-e-type=\"widget\" data-widget_type=\"heading.default\">\n\t\t\t\t\t<h2 class=\"elementor-heading-title elementor-size-default\">Prote\u00e7\u00e3o jur\u00eddica para momentos decisivos.<\/h2>\t\t\t\t<\/div>\n\t\t\t\t<div class=\"elementor-element elementor-element-23ad3ba elementor-widget__width-initial elementor-widget-mobile__width-initial elementor-widget elementor-widget-heading\" data-id=\"23ad3ba\" data-element_type=\"widget\" data-e-type=\"widget\" data-widget_type=\"heading.default\">\n\t\t\t\t\t<h2 class=\"elementor-heading-title elementor-size-default\">Situa\u00e7\u00f5es de risco exigem precis\u00e3o, experi\u00eancia e estrat\u00e9gia. Entre em contato para uma an\u00e1lise t\u00e9cnica do seu caso.<\/h2>\t\t\t\t<\/div>\n\t\t\t\t<div class=\"elementor-element elementor-element-c68248b elementor-widget elementor-widget-button\" data-id=\"c68248b\" data-element_type=\"widget\" data-e-type=\"widget\" data-widget_type=\"button.default\">\n\t\t\t\t\t\t\t\t\t\t<a class=\"elementor-button elementor-button-link elementor-size-sm\" href=\"https:\/\/wa.me\/5511913469009?text=Ol%C3%A1!%20Vim%20do%20site%20e%20gostaria%20de%20falar%20com%20o%20Joelmir.\">\n\t\t\t\t\t\t<span class=\"elementor-button-content-wrapper\">\n\t\t\t\t\t\t\t\t\t<span class=\"elementor-button-text\">Falar com o escrit\u00f3rio<\/span>\n\t\t\t\t\t<\/span>\n\t\t\t\t\t<\/a>\n\t\t\t\t\t\t\t\t<\/div>\n\t\t\t\t<\/div>\n\t\t\t\t\t<\/div>\n\t\t\t\t<\/div>\n\t\t<div class=\"elementor-element elementor-element-6dbcedb e-flex e-con-boxed e-con e-parent\" data-id=\"6dbcedb\" data-element_type=\"container\" data-e-type=\"container\">\n\t\t\t\t\t<div class=\"e-con-inner\">\n\t\t\t\t<div class=\"elementor-element elementor-element-9b69e5d elementor-widget elementor-widget-text-editor\" data-id=\"9b69e5d\" data-element_type=\"widget\" data-e-type=\"widget\" data-widget_type=\"text-editor.default\">\n\t\t\t\t\t\t\t\t\t<p><strong>Endere\u00e7o:<\/strong> Rua Tabatinguera 140 &#8211; sala 1606.\u00a0<\/p><p>Centro S\u00e3o Paulo\/SP &#8211; 03216-050<\/p><p><strong>Telefone:<\/strong> (11) 913469009<\/p><p><strong>Contato:<\/strong> contato@joelmirmenezes.com.br<\/p>\t\t\t\t\t\t\t\t<\/div>\n\t\t\t\t<div class=\"elementor-element elementor-element-f370750 elementor-widget elementor-widget-text-editor\" data-id=\"f370750\" data-element_type=\"widget\" data-e-type=\"widget\" data-widget_type=\"text-editor.default\">\n\t\t\t\t\t\t\t\t\t<p>\u00a9 2026 Joelmir Menezes Todos os Direitos Reservados<\/p>\t\t\t\t\t\t\t\t<\/div>\n\t\t\t\t\t<\/div>\n\t\t\t\t<\/div>\n\t\t\t\t<\/div>\n\t\t","protected":false},"excerpt":{"rendered":"<p>Apresenta\u00e7\u00e3o O escrit\u00f3rio JOELMIR MENEZES, atua desde 1995, exclusivamente, a \u00e1rea do direito penal em todos seus seguimentos, entende que a \u00e9tica, a lealdade, o sigilo, a dedica\u00e7\u00e3o s\u00e3o valores inegoci\u00e1veis, desse modo desenvolve defesa \u00fanica e personal\u00edssima, buscando estrat\u00e9gia juridica mais adequada, a fim de obter resultado diferenciado. Falar com o escrit\u00f3rio \u00c1reas de [&hellip;]<\/p>\n","protected":false},"author":1,"featured_media":0,"parent":0,"menu_order":0,"comment_status":"closed","ping_status":"closed","template":"elementor_canvas","meta":{"footnotes":""},"class_list":["post-37","page","type-page","status-publish","hentry"],"_hostinger_reach_plugin_has_subscription_block":false,"_hostinger_reach_plugin_is_elementor":false,"_links":{"self":[{"href":"https:\/\/joelmirmenezes.com.br\/index.php?rest_route=\/wp\/v2\/pages\/37","targetHints":{"allow":["GET"]}}],"collection":[{"href":"https:\/\/joelmirmenezes.com.br\/index.php?rest_route=\/wp\/v2\/pages"}],"about":[{"href":"https:\/\/joelmirmenezes.com.br\/index.php?rest_route=\/wp\/v2\/types\/page"}],"author":[{"embeddable":true,"href":"https:\/\/joelmirmenezes.com.br\/index.php?rest_route=\/wp\/v2\/users\/1"}],"replies":[{"embeddable":true,"href":"https:\/\/joelmirmenezes.com.br\/index.php?rest_route=%2Fwp%2Fv2%2Fcomments&post=37"}],"version-history":[{"count":70,"href":"https:\/\/joelmirmenezes.com.br\/index.php?rest_route=\/wp\/v2\/pages\/37\/revisions"}],"predecessor-version":[{"id":126,"href":"https:\/\/joelmirmenezes.com.br\/index.php?rest_route=\/wp\/v2\/pages\/37\/revisions\/126"}],"wp:attachment":[{"href":"https:\/\/joelmirmenezes.com.br\/index.php?rest_route=%2Fwp%2Fv2%2Fmedia&parent=37"}],"curies":[{"name":"wp","href":"https:\/\/api.w.org\/{rel}","templated":true}]}}